{"id":1815,"date":"2025-05-11T23:39:38","date_gmt":"2025-05-11T23:39:38","guid":{"rendered":"https:\/\/gestionnova.ca\/home\/"},"modified":"2025-05-21T19:51:50","modified_gmt":"2025-05-21T19:51:50","slug":"home","status":"publish","type":"page","link":"https:\/\/gestionnova.ca\/en\/","title":{"rendered":"Home"},"content":{"rendered":"<div class=\"wp-block-uagb-container uagb-block-a547bfb9 alignfull uagb-is-root-container\"><div class=\"uagb-container-inner-blocks-wrap\">\n<div class=\"wp-block-uagb-advanced-heading uagb-block-447481e4\"><h1 class=\"uagb-heading-text\">Total Management Trusted Services Guaranteed Value<\/h1><p class=\"uagb-desc-text\">Your trusted partner for worry-free property management. We handle every detail so you can fully enjoy the benefits of your investment.<\/p><\/div>\n\n\n\n<div class=\"wp-block-uagb-buttons uagb-buttons__outer-wrap uagb-btn__default-btn uagb-btn-tablet__default-btn uagb-btn-mobile__default-btn uagb-block-1fb38f72\"><div class=\"uagb-buttons__wrap uagb-buttons-layout-wrap\">\n<div class=\"wp-block-uagb-buttons-child uagb-buttons__outer-wrap uagb-block-97bb9245 wp-block-button\"><div class=\"uagb-button__wrapper\"><a class=\"uagb-buttons-repeater wp-block-button__link\" aria-label=\"\" href=\"https:\/\/gestionnova.ca\/en\/contact-us\/\" rel=\"follow noopener\" target=\"_self\" role=\"button\"><div class=\"uagb-button__link\">Get a quote<\/div><\/a><\/div><\/div>\n<\/div><\/div>\n<\/div><\/div>\n\n\n\n<div class=\"wp-block-uagb-container uagb-block-a8425de0 alignfull uagb-is-root-container\"><div class=\"uagb-container-inner-blocks-wrap\">\n<div class=\"wp-block-uagb-container uagb-block-431b38a8\">\n<div class=\"wp-block-uagb-info-box uagb-block-c32e3fa2 uagb-infobox__content-wrap  uagb-infobox-icon-above-title uagb-infobox-image-valign-top\"><div class=\"uagb-ifb-content\"><div class=\"uagb-ifb-title-wrap\"><h2 class=\"uagb-ifb-title-prefix\">Your spaces, our commitment.                                               <\/h2><div class=\"uagb-ifb-separator\"><\/div><h4 class=\"uagb-ifb-title\">Immaculate spaces. Lasting peace of mind. Value preserved.<\/h4><\/div><p class=\"uagb-ifb-desc\"><br>We are committed to maintaining and enhancing every shared space in your residence. A well-managed, clean, and functional building preserves the value of your investment.<\/p><\/div><\/div>\n<\/div>\n\n\n\n<div class=\"wp-block-uagb-container uagb-block-cca202fd\">\n<div class=\"wp-block-uagb-container uagb-block-a6a3e4ff\">\n<div class=\"wp-block-uagb-image alignleft uagb-block-aad17a09 wp-block-uagb-image--layout-default wp-block-uagb-image--effect-static wp-block-uagb-image--align-left\"><figure class=\"wp-block-uagb-image__figure\"><img decoding=\"async\" srcset=\"https:\/\/gestionnova.ca\/wp-content\/uploads\/2025\/05\/James_Walk_Architecture_Vancouver-1024x682.jpg ,https:\/\/gestionnova.ca\/wp-content\/uploads\/2025\/05\/James_Walk_Architecture_Vancouver.jpg 780w, https:\/\/gestionnova.ca\/wp-content\/uploads\/2025\/05\/James_Walk_Architecture_Vancouver.jpg 360w\" sizes=\"auto, (max-width: 480px) 150px\" src=\"https:\/\/gestionnova.ca\/wp-content\/uploads\/2025\/05\/James_Walk_Architecture_Vancouver-1024x682.jpg\" alt=\"\" class=\"uag-image-4054\" width=\"512\" height=\"575\" title=\"James_Walk_Architecture_Vancouver\" loading=\"lazy\" role=\"img\"\/><\/figure><\/div>\n<\/div>\n<\/div>\n<\/div><\/div>\n\n\n\n<div class=\"wp-block-uagb-container uag-blocks-common-selector uagb-block-edbeb5ab alignfull uagb-is-root-container\"><div class=\"uagb-container-inner-blocks-wrap\">\n<div class=\"wp-block-uagb-info-box uagb-block-f7d55f89 uagb-infobox__content-wrap  uagb-infobox-icon-above-title uagb-infobox-image-valign-top\"><div class=\"uagb-ifb-content\"><div class=\"uagb-ifb-title-wrap\"><div class=\"uagb-ifb-separator\"><\/div><h2 class=\"uagb-ifb-title\">Claim your free quote today!<\/h2><\/div><p class=\"uagb-ifb-desc\">Fill out our online form and receive a clear estimate for the requested services within 24 hours.<\/p><div class=\"uagb-ifb-button-wrapper wp-block-button\"><a href=\"https:\/\/gestionnova.ca\/en\/contact-us\/\" class=\"uagb-infobox-cta-link wp-block-button__link\" target=\"_self\" rel=\"noopener noreferrer\" onclick=\"return true;\"><span class=\"uagb-inline-editing\">get a free quote<\/span><svg xmlns=\"https:\/\/www.w3.org\/2000\/svg\" viewbox=\"0 0 512 512\"><path d=\"M504.3 273.6l-112.1 104c-6.992 6.484-17.18 8.218-25.94 4.406c-8.758-3.812-14.42-12.45-14.42-21.1L351.9 288H32C14.33 288 .0002 273.7 .0002 255.1S14.33 224 32 224h319.9l0-72c0-9.547 5.66-18.19 14.42-22c8.754-3.809 18.95-2.075 25.94 4.41l112.1 104C514.6 247.9 514.6 264.1 504.3 273.6z\"><\/path><\/svg><\/a><\/div><\/div><\/div>\n<\/div><\/div>\n\n\n\n<div class=\"wp-block-uagb-container uagb-block-3a0af62e alignfull uagb-is-root-container\"><div class=\"uagb-container-inner-blocks-wrap\">\n<div class=\"wp-block-uagb-container uagb-block-c7303980\">\n<div class=\"wp-block-uagb-container uagb-block-11040b29\">\n<div class=\"wp-block-uagb-image uagb-block-fd51f0a6 wp-block-uagb-image--layout-default wp-block-uagb-image--effect-static wp-block-uagb-image--align-none\"><figure class=\"wp-block-uagb-image__figure\"><img decoding=\"async\" srcset=\"https:\/\/gestionnova.ca\/wp-content\/uploads\/2025\/05\/pexels-tobiasbjorkli-2119714-768x1024.jpg ,https:\/\/gestionnova.ca\/wp-content\/uploads\/2025\/05\/pexels-tobiasbjorkli-2119714-scaled.jpg 780w, https:\/\/gestionnova.ca\/wp-content\/uploads\/2025\/05\/pexels-tobiasbjorkli-2119714-scaled.jpg 360w\" sizes=\"auto, (max-width: 480px) 150px\" src=\"https:\/\/gestionnova.ca\/wp-content\/uploads\/2025\/05\/pexels-tobiasbjorkli-2119714-768x1024.jpg\" alt=\"\" class=\"uag-image-4051\" width=\"512\" height=\"576\" title=\"pexels-tobiasbjorkli-2119714\" loading=\"lazy\" role=\"img\"\/><\/figure><\/div>\n<\/div>\n<\/div>\n\n\n\n<div class=\"wp-block-uagb-container uagb-block-eaadf807\">\n<div class=\"wp-block-uagb-advanced-heading uagb-block-e3dad7c6\"><h2 class=\"uagb-heading-text\">Our Specializations<\/h2><div class=\"uagb-separator\"><\/div><p class=\"uagb-desc-text\">Maintenance, administration, leasing \u2014 we cover all aspects of property management. You can choose the full range of services or simply select the ones that best fit your needs.<\/p><\/div>\n\n\n\n<div class=\"wp-block-uagb-container uagb-layout-grid uagb-block-b6b8d59e\">\n<div class=\"wp-block-uagb-info-box uagb-block-39d763d7 uagb-infobox__content-wrap  uagb-infobox-icon-left uagb-infobox-left uagb-infobox-stacked-mobile uagb-infobox-image-valign-top\"><div class=\"uagb-ifb-icon-wrap\"><svg xmlns=\"https:\/\/www.w3.org\/2000\/svg\" viewbox=\"0 0 512 512\"><path d=\"M480 0C497.7 0 512 14.33 512 32C512 49.67 497.7 64 480 64V448C497.7 448 512 462.3 512 480C512 497.7 497.7 512 480 512H304V448H208V512H32C14.33 512 0 497.7 0 480C0 462.3 14.33 448 32 448V64C14.33 64 0 49.67 0 32C0 14.33 14.33 0 32 0H480zM112 96C103.2 96 96 103.2 96 112V144C96 152.8 103.2 160 112 160H144C152.8 160 160 152.8 160 144V112C160 103.2 152.8 96 144 96H112zM224 144C224 152.8 231.2 160 240 160H272C280.8 160 288 152.8 288 144V112C288 103.2 280.8 96 272 96H240C231.2 96 224 103.2 224 112V144zM368 96C359.2 96 352 103.2 352 112V144C352 152.8 359.2 160 368 160H400C408.8 160 416 152.8 416 144V112C416 103.2 408.8 96 400 96H368zM96 240C96 248.8 103.2 256 112 256H144C152.8 256 160 248.8 160 240V208C160 199.2 152.8 192 144 192H112C103.2 192 96 199.2 96 208V240zM240 192C231.2 192 224 199.2 224 208V240C224 248.8 231.2 256 240 256H272C280.8 256 288 248.8 288 240V208C288 199.2 280.8 192 272 192H240zM352 240C352 248.8 359.2 256 368 256H400C408.8 256 416 248.8 416 240V208C416 199.2 408.8 192 400 192H368C359.2 192 352 199.2 352 208V240zM256 288C211.2 288 173.5 318.7 162.1 360.2C159.7 373.1 170.7 384 184 384H328C341.3 384 352.3 373.1 349 360.2C338.5 318.7 300.8 288 256 288z\"><\/path><\/svg><\/div><div class=\"uagb-ifb-content\"><div class=\"uagb-ifb-title-wrap\"><h5 class=\"uagb-ifb-title\">Cleaning &amp; Concierge Services<\/h5><\/div><p class=\"uagb-ifb-desc\">Cleaning of common areas, residential concierge services, front desk receptionist, and regular site inspections.<\/p><\/div><\/div>\n\n\n\n<div class=\"wp-block-uagb-info-box uagb-block-0863e5e7 uagb-infobox__content-wrap  uagb-infobox-icon-left uagb-infobox-left uagb-infobox-stacked-mobile uagb-infobox-image-valign-top\"><div class=\"uagb-ifb-icon-wrap\"><svg xmlns=\"https:\/\/www.w3.org\/2000\/svg\" viewbox=\"0 0 512 512\"><path d=\"M331.8 224.1c28.29 0 54.88 10.99 74.86 30.97l19.59 19.59c40.01-17.74 71.25-53.3 81.62-96.65c5.725-23.92 5.34-47.08 .2148-68.4c-2.613-10.88-16.43-14.51-24.34-6.604l-68.9 68.9h-75.6V97.2l68.9-68.9c7.912-7.912 4.275-21.73-6.604-24.34c-21.32-5.125-44.48-5.51-68.4 .2148c-55.3 13.23-98.39 60.22-107.2 116.4C224.5 128.9 224.2 137 224.3 145l82.78 82.86C315.2 225.1 323.5 224.1 331.8 224.1zM384 278.6c-23.16-23.16-57.57-27.57-85.39-13.9L191.1 158L191.1 95.99l-127.1-95.99L0 63.1l96 127.1l62.04 .0077l106.7 106.6c-13.67 27.82-9.251 62.23 13.91 85.39l117 117.1c14.62 14.5 38.21 14.5 52.71-.0016l52.75-52.75c14.5-14.5 14.5-38.08-.0016-52.71L384 278.6zM227.9 307L168.7 247.9l-148.9 148.9c-26.37 26.37-26.37 69.08 0 95.45C32.96 505.4 50.21 512 67.5 512s34.54-6.592 47.72-19.78l119.1-119.1C225.5 352.3 222.6 329.4 227.9 307zM64 472c-13.25 0-24-10.75-24-24c0-13.26 10.75-24 24-24S88 434.7 88 448C88 461.3 77.25 472 64 472z\"><\/path><\/svg><\/div><div class=\"uagb-ifb-content\"><div class=\"uagb-ifb-title-wrap\"><h5 class=\"uagb-ifb-title\">Maintenance and Repair Services<\/h5><\/div><p class=\"uagb-ifb-desc\">General repairs, electrical work, plumbing, emergency management, subcontractor coordination, and work supervision.<\/p><\/div><\/div>\n\n\n\n<div class=\"wp-block-uagb-info-box uagb-block-a1e81670 uagb-infobox__content-wrap  uagb-infobox-icon-left uagb-infobox-left uagb-infobox-stacked-mobile uagb-infobox-image-valign-top\"><div class=\"uagb-ifb-icon-wrap\"><svg xmlns=\"https:\/\/www.w3.org\/2000\/svg\" viewbox=\"0 0 512 512\"><path d=\"M64 95.1H0c0 123.8 100.3 224 224 224v128C224 465.6 238.4 480 255.1 480S288 465.6 288 448V320C288 196.3 187.7 95.1 64 95.1zM448 32c-84.25 0-157.4 46.5-195.8 115.3c27.75 30.12 48.25 66.88 59 107.5C424 243.1 512 147.9 512 32H448z\"><\/path><\/svg><\/div><div class=\"uagb-ifb-content\"><div class=\"uagb-ifb-title-wrap\"><h5 class=\"uagb-ifb-title\">Outdoor Landscaping<\/h5><\/div><p class=\"uagb-ifb-desc\">Landscaping maintenance, lawn mowing, snow removal, seasonal cleaning, and upkeep of pools, spas, and terraces.<\/p><\/div><\/div>\n\n\n\n<div class=\"wp-block-uagb-info-box uagb-block-d584ac00 uagb-infobox__content-wrap  uagb-infobox-icon-left uagb-infobox-left uagb-infobox-stacked-mobile uagb-infobox-image-valign-top\"><div class=\"uagb-ifb-icon-wrap\"><svg xmlns=\"https:\/\/www.w3.org\/2000\/svg\" viewbox=\"0 0 512 512\"><path d=\"M490.3 40.4C512.2 62.27 512.2 97.73 490.3 119.6L460.3 149.7L362.3 51.72L392.4 21.66C414.3-.2135 449.7-.2135 471.6 21.66L490.3 40.4zM172.4 241.7L339.7 74.34L437.7 172.3L270.3 339.6C264.2 345.8 256.7 350.4 248.4 353.2L159.6 382.8C150.1 385.6 141.5 383.4 135 376.1C128.6 370.5 126.4 361 129.2 352.4L158.8 263.6C161.6 255.3 166.2 247.8 172.4 241.7V241.7zM192 63.1C209.7 63.1 224 78.33 224 95.1C224 113.7 209.7 127.1 192 127.1H96C78.33 127.1 64 142.3 64 159.1V416C64 433.7 78.33 448 96 448H352C369.7 448 384 433.7 384 416V319.1C384 302.3 398.3 287.1 416 287.1C433.7 287.1 448 302.3 448 319.1V416C448 469 405 512 352 512H96C42.98 512 0 469 0 416V159.1C0 106.1 42.98 63.1 96 63.1H192z\"><\/path><\/svg><\/div><div class=\"uagb-ifb-content\"><div class=\"uagb-ifb-title-wrap\"><h5 class=\"uagb-ifb-title\">Rental Management<\/h5><\/div><p class=\"uagb-ifb-desc\">Rent collection, late payment management, sending notices, tenant communication, and lease renewals.<\/p><\/div><\/div>\n\n\n\n<div class=\"wp-block-uagb-info-box uagb-block-cca97aa7 uagb-infobox__content-wrap  uagb-infobox-icon-left uagb-infobox-left uagb-infobox-stacked-mobile uagb-infobox-image-valign-top\"><div class=\"uagb-ifb-icon-wrap\"><svg xmlns=\"https:\/\/www.w3.org\/2000\/svg\" viewbox=\"0 0 512 512\"><path d=\"M384 0H96C60.65 0 32 28.65 32 64v384c0 35.35 28.65 64 64 64h288c35.35 0 64-28.65 64-64V64C448 28.65 419.3 0 384 0zM240 128c35.35 0 64 28.65 64 64s-28.65 64-64 64c-35.34 0-64-28.65-64-64S204.7 128 240 128zM336 384h-192C135.2 384 128 376.8 128 368C128 323.8 163.8 288 208 288h64c44.18 0 80 35.82 80 80C352 376.8 344.8 384 336 384zM496 64H480v96h16C504.8 160 512 152.8 512 144v-64C512 71.16 504.8 64 496 64zM496 192H480v96h16C504.8 288 512 280.8 512 272v-64C512 199.2 504.8 192 496 192zM496 320H480v96h16c8.836 0 16-7.164 16-16v-64C512 327.2 504.8 320 496 320z\"><\/path><\/svg><\/div><div class=\"uagb-ifb-content\"><div class=\"uagb-ifb-title-wrap\"><h5 class=\"uagb-ifb-title\">Property Leasing and Marketing<\/h5><\/div><p class=\"uagb-ifb-desc\">Advertising of rental units, organizing viewings, tenant screening, and credit checks.<\/p><\/div><\/div>\n\n\n\n<div class=\"wp-block-uagb-info-box uagb-block-41002e2d uagb-infobox__content-wrap  uagb-infobox-icon-left uagb-infobox-left uagb-infobox-stacked-mobile uagb-infobox-image-valign-top\"><div class=\"uagb-ifb-icon-wrap\"><svg xmlns=\"https:\/\/www.w3.org\/2000\/svg\" viewbox=\"0 0 384 512\"><path d=\"M336 0h-288C22.38 0 0 22.38 0 48v416C0 489.6 22.38 512 48 512h288c25.62 0 48-22.38 48-48v-416C384 22.38 361.6 0 336 0zM64 208C64 199.2 71.2 192 80 192h32C120.8 192 128 199.2 128 208v32C128 248.8 120.8 256 112 256h-32C71.2 256 64 248.8 64 240V208zM64 304C64 295.2 71.2 288 80 288h32C120.8 288 128 295.2 128 304v32C128 344.8 120.8 352 112 352h-32C71.2 352 64 344.8 64 336V304zM224 432c0 8.801-7.199 16-16 16h-128C71.2 448 64 440.8 64 432v-32C64 391.2 71.2 384 80 384h128c8.801 0 16 7.199 16 16V432zM224 336c0 8.801-7.199 16-16 16h-32C167.2 352 160 344.8 160 336v-32C160 295.2 167.2 288 176 288h32C216.8 288 224 295.2 224 304V336zM224 240C224 248.8 216.8 256 208 256h-32C167.2 256 160 248.8 160 240v-32C160 199.2 167.2 192 176 192h32C216.8 192 224 199.2 224 208V240zM320 432c0 8.801-7.199 16-16 16h-32c-8.799 0-16-7.199-16-16v-32c0-8.801 7.201-16 16-16h32c8.801 0 16 7.199 16 16V432zM320 336c0 8.801-7.199 16-16 16h-32c-8.799 0-16-7.199-16-16v-32C256 295.2 263.2 288 272 288h32C312.8 288 320 295.2 320 304V336zM320 240C320 248.8 312.8 256 304 256h-32C263.2 256 256 248.8 256 240v-32C256 199.2 263.2 192 272 192h32C312.8 192 320 199.2 320 208V240zM320 144C320 152.8 312.8 160 304 160h-224C71.2 160 64 152.8 64 144v-64C64 71.2 71.2 64 80 64h224C312.8 64 320 71.2 320 80V144z\"><\/path><\/svg><\/div><div class=\"uagb-ifb-content\"><div class=\"uagb-ifb-title-wrap\"><h5 class=\"uagb-ifb-title\">Condo Management &amp; Finance<\/h5><\/div><p class=\"uagb-ifb-desc\">Homeowners\u2019 meetings, budget management, reserve fund calculation, annual financial reporting, and legal compliance.<\/p><\/div><\/div>\n<\/div>\n<\/div>\n<\/div><\/div>\n\n\n\n<div class=\"wp-block-uagb-advanced-heading uagb-block-96191c56\"><h2 class=\"uagb-heading-text\">What Our Clients Say<\/h2><div class=\"uagb-separator\"><\/div><p class=\"uagb-desc-text\">Customer satisfaction is our best calling card.<br>Discover their testimonials about the quality of our service, our reliability, and our attention to detail.<\/p><\/div>\n\n\n\n<div class=\"wp-block-uagb-container uagb-block-1a5f13ae alignfull uagb-is-root-container\"><div class=\"uagb-container-inner-blocks-wrap\">\n<div class=\"wp-block-uagb-container uagb-block-689557d7\">\n<div class=\"wp-block-uagb-container uagb-block-e575daf3\">\n<div class=\"wp-block-uagb-container uagb-block-c0e2d790\">\n<div class=\"wp-block-uagb-blockquote uagb-block-82263d4a uagb-blockquote__skin-border uagb-blockquote__stack-img-none\"><blockquote class=\"uagb-blockquote\"><div class=\"uagb-blockquote__content\">Professionalism, efficiency, and peace of mind<br><em>\u201cI was looking for a reliable company to manage my duplex in Villeray, and with Gestion Nova I found a trustworthy partner. Everything is well organized: repair follow-ups, rent collection, communication with tenants\u2026 I truly feel supported.\u201d<\/em><\/div><footer><div class=\"uagb-blockquote__author-wrap uagb-blockquote__author-at-left\"><cite class=\"uagb-blockquote__author\">\u2014 <strong>Karim Alami, property owner in Villeray\u2013Saint-Michel\u2013Parc-Extension<\/strong><\/cite><\/div><\/footer><\/blockquote><\/div>\n<\/div>\n<\/div>\n<\/div>\n\n\n\n<div class=\"wp-block-uagb-container uagb-block-f113a292\">\n<div class=\"wp-block-uagb-blockquote uagb-block-d0971478 uagb-blockquote__skin-border uagb-blockquote__stack-img-none\"><blockquote class=\"uagb-blockquote\"><div class=\"uagb-blockquote__content\"><em>\u201cI own a rental building in Rosemont, and since I entrusted its management to Gestion Nova, everything has been running smoothly. The team is responsive, professional, and always available. I can finally focus on other projects without worrying about daily management.\u201d<\/em><\/div><footer><div class=\"uagb-blockquote__author-wrap uagb-blockquote__author-at-left\"><cite class=\"uagb-blockquote__author\">\u2014 <strong>Marc Leblanc, property owner in Rosemont\u2013La Petite-Patrie<\/strong><\/cite><\/div><\/footer><\/blockquote><\/div>\n<\/div>\n\n\n\n<div class=\"wp-block-uagb-container uagb-block-276c44ec\">\n<div class=\"wp-block-uagb-blockquote uagb-block-c8cf4fa0 uagb-blockquote__skin-border uagb-blockquote__stack-img-none\"><blockquote class=\"uagb-blockquote\"><div class=\"uagb-blockquote__content\"><em>\u201cAs the owner of a building in Montr\u00e9al\u2019s South-West, I needed a reliable team on the ground. Gestion Nova exceeded my expectations: quick interventions, clear communication, and great respect for tenants. I highly recommend them to any Montr\u00e9al-based investor.\u201d<\/em><\/div><footer><div class=\"uagb-blockquote__author-wrap uagb-blockquote__author-at-left\"><cite class=\"uagb-blockquote__author\">\u2014 <strong>Sophie Girard, property owner in Saint-Henri<\/strong><\/cite><\/div><\/footer><\/blockquote><\/div>\n<\/div>\n<\/div><\/div>\n\n\n\n<div class=\"wp-block-uagb-container uagb-block-ab2d8654 alignfull uagb-is-root-container\"><div class=\"uagb-container-inner-blocks-wrap\">\n<div class=\"wp-block-uagb-advanced-heading uagb-block-7a9d20e5\"><h2 class=\"uagb-heading-text\">About Us<\/h2><div class=\"uagb-separator\"><\/div><p class=\"uagb-desc-text\">We put our expertise at the service of your property and work with reliable professionals to ensure efficient, tailored, and consistently high-quality services.<\/p><\/div>\n<\/div><\/div>","protected":false},"excerpt":{"rendered":"<p>Gestion compl\u00e8te Service fiable Valeur garantie Votre partenaire de confiance pour une gestion immobili\u00e8re sans soucis. Nous prenons en charge chaque d\u00e9tail, pour que vous puissiez profiter pleinement de votre investissement. Nos Sp\u00e9cialisations Entretien, administration, location : nous couvrons tous les aspects de la gestion immobili\u00e8re. Vous pouvez opter pour l&rsquo;ensemble des services ou simplement [&hellip;]<\/p>","protected":false},"author":1,"featured_media":0,"parent":0,"menu_order":0,"comment_status":"closed","ping_status":"closed","template":"","meta":{"_uag_custom_page_level_css":"","site-sidebar-layout":"no-sidebar","site-content-layout":"page-builder","ast-site-content-layout":"full-width-container","site-content-style":"unboxed","site-sidebar-style":"unboxed","ast-global-header-display":"","ast-banner-title-visibility":"","ast-main-header-display":"","ast-hfb-above-header-display":"","ast-hfb-below-header-display":"","ast-hfb-mobile-header-display":"","site-post-title":"disabled","ast-breadcrumbs-content":"","ast-featured-img":"disabled","footer-sml-layout":"","theme-transparent-header-meta":"enabled","adv-header-id-meta":"","stick-header-meta":"","header-above-stick-meta":"","header-main-stick-meta":"","header-below-stick-meta":"","astra-migrate-meta-layouts":"set","ast-page-background-enabled":"default","ast-page-background-meta":{"desktop":{"background-color":"","background-image":"","background-repeat":"repeat","background-position":"center center","background-size":"auto","background-attachment":"scroll","background-type":"","background-media":"","overlay-type":"","overlay-color":"","overlay-opacity":"","overlay-gradient":""},"tablet":{"background-color":"","background-image":"","background-repeat":"repeat","background-position":"center center","background-size":"auto","background-attachment":"scroll","background-type":"","background-media":"","overlay-type":"","overlay-color":"","overlay-opacity":"","overlay-gradient":""},"mobile":{"background-color":"","background-image":"","background-repeat":"repeat","background-position":"center center","background-size":"auto","background-attachment":"scroll","background-type":"","background-media":"","overlay-type":"","overlay-color":"","overlay-opacity":"","overlay-gradient":""}},"ast-content-background-meta":{"desktop":{"background-color":"var(--ast-global-color-5)","background-image":"","background-repeat":"repeat","background-position":"center center","background-size":"auto","background-attachment":"scroll","background-type":"","background-media":"","overlay-type":"","overlay-color":"","overlay-opacity":"","overlay-gradient":""},"tablet":{"background-color":"var(--ast-global-color-5)","background-image":"","background-repeat":"repeat","background-position":"center center","background-size":"auto","background-attachment":"scroll","background-type":"","background-media":"","overlay-type":"","overlay-color":"","overlay-opacity":"","overlay-gradient":""},"mobile":{"background-color":"var(--ast-global-color-5)","background-image":"","background-repeat":"repeat","background-position":"center center","background-size":"auto","background-attachment":"scroll","background-type":"","background-media":"","overlay-type":"","overlay-color":"","overlay-opacity":"","overlay-gradient":""}},"footnotes":""},"class_list":["post-1815","page","type-page","status-publish","hentry"],"uagb_featured_image_src":{"full":false,"thumbnail":false,"medium":false,"medium_large":false,"large":false,"1536x1536":false,"2048x2048":false,"trp-custom-language-flag":false},"uagb_author_info":{"display_name":"admin@gestionnova.ca","author_link":"https:\/\/gestionnova.ca\/en\/author\/admingestionnova-ca\/"},"uagb_comment_info":0,"uagb_excerpt":"Gestion compl\u00e8te Service fiable Valeur garantie Votre partenaire de confiance pour une gestion immobili\u00e8re sans soucis. Nous prenons en charge chaque d\u00e9tail, pour que vous puissiez profiter pleinement de votre investissement. Nos Sp\u00e9cialisations Entretien, administration, location : nous couvrons tous les aspects de la gestion immobili\u00e8re. Vous pouvez opter pour l&rsquo;ensemble des services ou simplement&hellip;","_links":{"self":[{"href":"https:\/\/gestionnova.ca\/en\/wp-json\/wp\/v2\/pages\/1815","targetHints":{"allow":["GET"]}}],"collection":[{"href":"https:\/\/gestionnova.ca\/en\/wp-json\/wp\/v2\/pages"}],"about":[{"href":"https:\/\/gestionnova.ca\/en\/wp-json\/wp\/v2\/types\/page"}],"author":[{"embeddable":true,"href":"https:\/\/gestionnova.ca\/en\/wp-json\/wp\/v2\/users\/1"}],"replies":[{"embeddable":true,"href":"https:\/\/gestionnova.ca\/en\/wp-json\/wp\/v2\/comments?post=1815"}],"version-history":[{"count":25,"href":"https:\/\/gestionnova.ca\/en\/wp-json\/wp\/v2\/pages\/1815\/revisions"}],"predecessor-version":[{"id":4055,"href":"https:\/\/gestionnova.ca\/en\/wp-json\/wp\/v2\/pages\/1815\/revisions\/4055"}],"wp:attachment":[{"href":"https:\/\/gestionnova.ca\/en\/wp-json\/wp\/v2\/media?parent=1815"}],"curies":[{"name":"wp","href":"https:\/\/api.w.org\/{rel}","templated":true}]}}