{"id":1816,"date":"2025-05-11T23:39:38","date_gmt":"2025-05-11T23:39:38","guid":{"rendered":"https:\/\/gestionnova.ca\/about\/"},"modified":"2025-05-21T20:35:09","modified_gmt":"2025-05-21T20:35:09","slug":"about","status":"publish","type":"page","link":"https:\/\/gestionnova.ca\/en\/about\/","title":{"rendered":"About"},"content":{"rendered":"<div class=\"wp-block-uagb-container uagb-block-b21e3a3e alignfull uagb-is-root-container\"><div class=\"uagb-container-inner-blocks-wrap\">\n<div class=\"wp-block-uagb-advanced-heading uagb-block-a803d745\"><h1 class=\"uagb-heading-text\">About us<\/h1><\/div>\n<\/div><\/div>\n\n\n\n<div class=\"wp-block-uagb-container uagb-block-e7cfe7eb alignfull uagb-is-root-container\"><div class=\"uagb-container-inner-blocks-wrap\">\n<div class=\"wp-block-uagb-container uagb-block-16813ad1\">\n<div class=\"wp-block-uagb-container uagb-block-e0b7c154\">\n<div class=\"wp-block-uagb-image alignleft uagb-block-525558b9 wp-block-uagb-image--layout-default wp-block-uagb-image--effect-static wp-block-uagb-image--align-left\"><figure class=\"wp-block-uagb-image__figure\"><img decoding=\"async\" srcset=\"https:\/\/gestionnova.ca\/wp-content\/uploads\/2020\/08\/metal-pillars.jpg ,https:\/\/gestionnova.ca\/wp-content\/uploads\/2020\/08\/metal-pillars.jpg 780w\" sizes=\"auto, (max-width: 480px) 150px\" src=\"https:\/\/gestionnova.ca\/wp-content\/uploads\/2020\/08\/metal-pillars.jpg\" alt=\"\" class=\"uag-image-1900\" width=\"573\" height=\"632\" title=\"\" loading=\"lazy\" role=\"img\"\/><\/figure><\/div>\n<\/div>\n<\/div>\n\n\n\n<div class=\"wp-block-uagb-container uagb-block-fa9c3217\">\n<div class=\"wp-block-uagb-advanced-heading uagb-block-d515af29\"><h2 class=\"uagb-heading-text\">Our Story<\/h2><div class=\"uagb-separator\"><\/div><p class=\"uagb-desc-text\">Gestion Nova was born from the shared determination of two professionals eager to bring a fresh perspective to property management. Fully aware of the daily challenges faced by both property owners and tenants, we chose to build our approach on proximity, efficiency, and active listening. <br>Our hands-on experience has given us a deep understanding of the realities on the ground. We believe that managing a building well goes beyond profitability \u2014 it\u2019s also about ensuring tenants\u2019 well-being, enhancing property value, and providing peace of mind to owners.<\/p><\/div>\n<\/div>\n<\/div><\/div>\n\n\n\n<div class=\"wp-block-uagb-container uagb-block-400be506 alignfull uagb-is-root-container\"><div class=\"uagb-container-inner-blocks-wrap\">\n<div class=\"wp-block-group is-nowrap is-layout-flex wp-container-core-group-is-layout-6c531013 wp-block-group-is-layout-flex\">\n<div class=\"wp-block-uagb-advanced-heading uagb-block-9b0b3a87\"><h2 class=\"uagb-heading-text\">Our vision<\/h2><div class=\"uagb-separator\"><\/div><\/div>\n\n\n\n<div class=\"wp-block-uagb-container uagb-block-dfd6c152\">\n<p>Our ambition is to become a leading name in property management across Greater Montreal. To achieve this, we focus on sustainable growth, building strong relationships with our clients, and continuously improving our practices. We believe in transparent management, powered by technology but always guided by human values.<br><br><br>In a constantly evolving market, we aim to stay attentive, innovate, and build lasting partnerships with the property owners who trust us. Gestion Nova is more than just a service provider \u2014 it\u2019s a long-term project driven by a desire to redefine the standards of residential property management.<\/p>\n<\/div>\n<\/div>\n<\/div><\/div>\n\n\n\n<div class=\"wp-block-uagb-container uag-blocks-common-selector uagb-block-edbeb5ab alignfull uagb-is-root-container\"><div class=\"uagb-container-inner-blocks-wrap\">\n<div class=\"wp-block-uagb-info-box uagb-block-f7d55f89 uagb-infobox__content-wrap  uagb-infobox-icon-above-title uagb-infobox-image-valign-top\"><div class=\"uagb-ifb-content\"><div class=\"uagb-ifb-title-wrap\"><div class=\"uagb-ifb-separator\"><\/div><h2 class=\"uagb-ifb-title\">Get in touch today<\/h2><\/div><p class=\"uagb-ifb-desc\">We\u2019re easy to reach and quick to respond. Contact us today to discuss your needs \u2014 we\u2019re here to help.<\/p><div class=\"uagb-ifb-button-wrapper wp-block-button\"><a href=\"https:\/\/gestionnova.ca\/en\/contact-us\/\" class=\"uagb-infobox-cta-link wp-block-button__link\" target=\"_self\" rel=\"noopener noreferrer\" onclick=\"return true;\"><span class=\"uagb-inline-editing\">Contact us<\/span><svg xmlns=\"https:\/\/www.w3.org\/2000\/svg\" viewbox=\"0 0 512 512\"><path d=\"M504.3 273.6l-112.1 104c-6.992 6.484-17.18 8.218-25.94 4.406c-8.758-3.812-14.42-12.45-14.42-21.1L351.9 288H32C14.33 288 .0002 273.7 .0002 255.1S14.33 224 32 224h319.9l0-72c0-9.547 5.66-18.19 14.42-22c8.754-3.809 18.95-2.075 25.94 4.41l112.1 104C514.6 247.9 514.6 264.1 504.3 273.6z\"><\/path><\/svg><\/a><\/div><\/div><\/div>\n<\/div><\/div>","protected":false},"excerpt":{"rendered":"<p>\u00c1 propos Notre histoire Gestion Nova est n\u00e9e de la volont\u00e9 commune de deux professionnels d&rsquo;apporter un souffle nouveau \u00e0 la gestion immobili\u00e8re. conscients des d\u00e9fis quotidiens rencontr\u00e9s par les propri\u00e9taires et les occupants, nous avons choisi de miser sur une approche fond\u00e9e sur la proximit\u00e9, l&rsquo;efficacit\u00e9 et l&rsquo;\u00e9coute active. Notre parcours nous a permis [&hellip;]<\/p>","protected":false},"author":1,"featured_media":0,"parent":0,"menu_order":0,"comment_status":"closed","ping_status":"closed","template":"","meta":{"_uag_custom_page_level_css":"","site-sidebar-layout":"no-sidebar","site-content-layout":"page-builder","ast-site-content-layout":"full-width-container","site-content-style":"unboxed","site-sidebar-style":"unboxed","ast-global-header-display":"","ast-banner-title-visibility":"","ast-main-header-display":"","ast-hfb-above-header-display":"","ast-hfb-below-header-display":"","ast-hfb-mobile-header-display":"","site-post-title":"disabled","ast-breadcrumbs-content":"","ast-featured-img":"disabled","footer-sml-layout":"","theme-transparent-header-meta":"enabled","adv-header-id-meta":"","stick-header-meta":"","header-above-stick-meta":"","header-main-stick-meta":"","header-below-stick-meta":"","astra-migrate-meta-layouts":"set","ast-page-background-enabled":"default","ast-page-background-meta":{"desktop":{"background-color":"","background-image":"","background-repeat":"repeat","background-position":"center center","background-size":"auto","background-attachment":"scroll","background-type":"","background-media":"","overlay-type":"","overlay-color":"","overlay-opacity":"","overlay-gradient":""},"tablet":{"background-color":"","background-image":"","background-repeat":"repeat","background-position":"center center","background-size":"auto","background-attachment":"scroll","background-type":"","background-media":"","overlay-type":"","overlay-color":"","overlay-opacity":"","overlay-gradient":""},"mobile":{"background-color":"","background-image":"","background-repeat":"repeat","background-position":"center center","background-size":"auto","background-attachment":"scroll","background-type":"","background-media":"","overlay-type":"","overlay-color":"","overlay-opacity":"","overlay-gradient":""}},"ast-content-background-meta":{"desktop":{"background-color":"var(--ast-global-color-5)","background-image":"","background-repeat":"repeat","background-position":"center center","background-size":"auto","background-attachment":"scroll","background-type":"","background-media":"","overlay-type":"","overlay-color":"","overlay-opacity":"","overlay-gradient":""},"tablet":{"background-color":"var(--ast-global-color-5)","background-image":"","background-repeat":"repeat","background-position":"center center","background-size":"auto","background-attachment":"scroll","background-type":"","background-media":"","overlay-type":"","overlay-color":"","overlay-opacity":"","overlay-gradient":""},"mobile":{"background-color":"var(--ast-global-color-5)","background-image":"","background-repeat":"repeat","background-position":"center center","background-size":"auto","background-attachment":"scroll","background-type":"","background-media":"","overlay-type":"","overlay-color":"","overlay-opacity":"","overlay-gradient":""}},"footnotes":""},"class_list":["post-1816","page","type-page","status-publish","hentry"],"uagb_featured_image_src":{"full":false,"thumbnail":false,"medium":false,"medium_large":false,"large":false,"1536x1536":false,"2048x2048":false,"trp-custom-language-flag":false},"uagb_author_info":{"display_name":"admin@gestionnova.ca","author_link":"https:\/\/gestionnova.ca\/en\/author\/admingestionnova-ca\/"},"uagb_comment_info":0,"uagb_excerpt":"\u00c1 propos Notre histoire Gestion Nova est n\u00e9e de la volont\u00e9 commune de deux professionnels d&rsquo;apporter un souffle nouveau \u00e0 la gestion immobili\u00e8re. conscients des d\u00e9fis quotidiens rencontr\u00e9s par les propri\u00e9taires et les occupants, nous avons choisi de miser sur une approche fond\u00e9e sur la proximit\u00e9, l&rsquo;efficacit\u00e9 et l&rsquo;\u00e9coute active. Notre parcours nous a permis&hellip;","_links":{"self":[{"href":"https:\/\/gestionnova.ca\/en\/wp-json\/wp\/v2\/pages\/1816","targetHints":{"allow":["GET"]}}],"collection":[{"href":"https:\/\/gestionnova.ca\/en\/wp-json\/wp\/v2\/pages"}],"about":[{"href":"https:\/\/gestionnova.ca\/en\/wp-json\/wp\/v2\/types\/page"}],"author":[{"embeddable":true,"href":"https:\/\/gestionnova.ca\/en\/wp-json\/wp\/v2\/users\/1"}],"replies":[{"embeddable":true,"href":"https:\/\/gestionnova.ca\/en\/wp-json\/wp\/v2\/comments?post=1816"}],"version-history":[{"count":21,"href":"https:\/\/gestionnova.ca\/en\/wp-json\/wp\/v2\/pages\/1816\/revisions"}],"predecessor-version":[{"id":4095,"href":"https:\/\/gestionnova.ca\/en\/wp-json\/wp\/v2\/pages\/1816\/revisions\/4095"}],"wp:attachment":[{"href":"https:\/\/gestionnova.ca\/en\/wp-json\/wp\/v2\/media?parent=1816"}],"curies":[{"name":"wp","href":"https:\/\/api.w.org\/{rel}","templated":true}]}}